{"id":2326,"date":"2025-08-19T10:38:15","date_gmt":"2025-08-19T10:38:15","guid":{"rendered":"https:\/\/site.feprafo.eu\/?page_id=2326"},"modified":"2025-08-19T10:45:39","modified_gmt":"2025-08-19T10:45:39","slug":"politique-de-cookies","status":"publish","type":"page","link":"https:\/\/site.feprafo.eu\/index.php\/politique-de-cookies\/","title":{"rendered":"Politique de cookies"},"content":{"rendered":"\t\t<div data-elementor-type=\"wp-page\" data-elementor-id=\"2326\" class=\"elementor elementor-2326\" data-elementor-post-type=\"page\">\n\t\t\t\t<div class=\"elementor-element elementor-element-b6b78d4 e-flex e-con-boxed e-con e-parent\" data-id=\"b6b78d4\" data-element_type=\"container\" data-e-type=\"container\">\n\t\t\t\t\t<div class=\"e-con-inner\">\n\t\t\t\t<div class=\"elementor-element elementor-element-ffa0a25 elementor-widget elementor-widget-text-editor\" data-id=\"ffa0a25\" data-element_type=\"widget\" data-e-type=\"widget\" data-widget_type=\"text-editor.default\">\n\t\t\t\t\t\t\t\t\t<p>Feprafo\u00a0(\u00ab\u00a0nous\u00a0\u00bb, \u00ab\u00a0nos\u00a0\u00bb ou \u00ab\u00a0notre\u00a0\u00bb) utilise les cookies afin de vous proposer un service web am\u00e9lior\u00e9 et davantage personnalis\u00e9. \u00c0 travers cette politique de Cookies, nous vous pr\u00e9sentons comment et pourquoi nous utilisons des cookies sur ce site, en toute transparence.<\/p><p><strong>Lorsque vous naviguez sur notre site<\/strong>, les cookies sont activ\u00e9s par d\u00e9faut et les donn\u00e9es peuvent \u00eatre lues ou conserv\u00e9es localement sur votre mat\u00e9riel. Vous serez averti la premi\u00e8re fois que vous recevez un cookie et vous pourrez ainsi d\u00e9cider de l\u2019accepter ou de le refuser. En continuant d\u2019utiliser notre site, vous acceptez express\u00e9ment l\u2019utilisation par Feprafo de tels cookies.<\/p><p><strong>Aucune donn\u00e9e n\u2019est collect\u00e9e automatiquement par le site en lui-m\u00eame.<\/strong>\u00a0Les seules donn\u00e9es que nous traitons sont celles que vous nous communiquez volontairement, que ce soit \u00e0 l\u2019occasion de communications \u00e9chang\u00e9es, par exemple en envoyant des messages sur ce site, en communiquant avec nous par courrier \u00e9lectronique, dans le cadre de l\u2019inscription \u00e0 la newsletter, etc\u2026<\/p><h3>QU\u2019EST-CE QU\u2019UN COOKIE ET \u00c0 QUOI SERT-IL\u00a0?<\/h3><p>Un \u00ab\u00a0cookie\u00a0\u00bb est un petit fichier texte enregistr\u00e9 et\/ou lu par votre navigateur, qui s\u2019enregistre sur le disque dur de votre terminal (PC, ordinateur portable ou smartphone, par exemple) et envoy\u00e9 par les sites internet que vous visitez. La grande majorit\u00e9 des sites utilise des cookies pour bien fonctionner et optimiser leur ergonomie et leurs fonctionnalit\u00e9s.<\/p><p>Le cookie contient un code unique permettant de reconna\u00eetre votre navigateur lors de votre visite sur le site web ou lors de futures visites r\u00e9p\u00e9t\u00e9es. Ces cookies traitent un certain nombre d\u2019informations, tel que vos pr\u00e9f\u00e9rences (identifiant, langue, etc.), ce qui rend les interactions avec les sites plus s\u00e9curis\u00e9s et rapides. D\u2019autres informations peuvent \u00eatre collect\u00e9es automatiquement mais ne sont utilis\u00e9s que pour des outils statistiques mais restent compl\u00e8tement anonymes.<\/p><p>De plus, les cookies servent \u00e0 la navigation entre les diff\u00e9rentes page du site web. Ou encore, ils permettent d\u2019adapter et de rendre plus pertinent le contenu et\/ou la publicit\u00e9 pr\u00e9sente sur le site par rapport aux go\u00fbts personnels et aux besoins du visiteur.<\/p><p>Selon leur fonction et le but de leur utilisation, les cookies sont class\u00e9s parmi les cat\u00e9gories d\u00e9crites ci-dessous et utilis\u00e9es par\u00a0Feprafo sur ce site\u00a0:<\/p><ul><li>Les cookies absolument n\u00e9cessaires \u00e0 la navigation permettent la visite de notre site web et pour utiliser ses fonctionnalit\u00e9s de base. Ces cookies ne concernent que votre adresse IP n\u00e9cessaire \u00e0 votre navigation sur internet. Ces cookies sont essentiels au bon fonctionnement de notre site internet.<\/li><li>Les cookies de fonctionnalit\u00e9 permettent d\u2019analyser le fonctionnement de notre site internet et de vous proposer une exp\u00e9rience utilisateur plus agr\u00e9able et plus personnalis\u00e9e \u2013 m\u00e9morisation de vos pr\u00e9f\u00e9rences, \u00e9tablir des statistiques, analyser l\u2019utilisation de notre site et la popularit\u00e9 de nos pages, etc. Ces cookies collectent des informations anonymes.<\/li><li>Les cookies d\u2019analyse et de performance permettent de collecter des informations relatives \u00e0 la mani\u00e8re dont les visiteurs utilisent notre site internet. Ces cookies rendent possible l\u2019\u00e9valuation et l\u2019am\u00e9lioration du contenu et de la performance de notre site internet (pages web consult\u00e9es, le nom de visiteurs, le comportement en ligne, etc.).<\/li><\/ul><p>Les autres informations \u00e9ventuellement collect\u00e9es ne le sont que par des outils statistiques comme par exemple Google Analytics qui g\u00e9n\u00e8re des rapports statistiques de visite de mani\u00e8re strictement anonyme.<\/p><p>Le d\u00e9lai de conservation des cookies varie en fonction de leur type\u00a0: les cookies indispensables sont g\u00e9n\u00e9ralement conserv\u00e9es jusqu\u2019\u00e0 la fermeture du navigateur tandis que les cookies fonctionnels restent valides un an et les cookies de performances restent valides quatre ans.<\/p><p>Veuillez noter que les tiers (y compris, par exemple, les r\u00e9seaux publicitaires et les fournisseurs de services externes tels que les services d\u2019analyse de trafic web) peuvent \u00e9galement utiliser des cookies, sur lesquels nous n\u2019avons aucun contr\u00f4le. Ces cookies sont susceptibles d\u2019\u00eatre des cookies analytiques \/ de performance ou des cookies de ciblage.<\/p><h3>GESTION DES COOKIES<\/h3><p>L\u2019utilisation des cookies n\u00e9cessite votre consentement pr\u00e9alable et explicit\u00e9. Cependant, Vous pouvez r\u00e9voquer votre consentement \u00e0 l\u2019utilisation des cookies \u00e0 tout moment. Vous pouvez configurer Votre navigateur de mani\u00e8re \u00e0 refuser syst\u00e9matiquement les cookies (y compris les cookies utilis\u00e9s \u00e0 des fins de mesure d\u2019audience).<\/p><p>Veuillez noter que si vous refusez, depuis votre navigateur internet, l\u2019enregistrement de cookies sur votre terminal, vous serez toujours en mesure de naviguer sur ce site, mais certaines parties et options pourraient ne pas fonctionner correctement.<\/p><p>Veuillez consulter \u00e9galement notre \u00ab\u00a0politique de confidentialit\u00e9\u00a0\u00bb qui d\u00e9finit les r\u00e8gles que nous suivons dans le traitement de vos donn\u00e9es \u00e0 caract\u00e8re personnel que nous pourrions recueillir.<\/p><h3>D\u00c9SACTIVER LES COOKIES (OPT-OUT)<\/h3><p>Vous pouvez supprimer les cookies enregistr\u00e9s sur votre terminal et bloquer les cookies en param\u00e9trant Votre navigateur ce qui vous permet de refuser le param\u00e9trage de tout ou partie des cookies (y compris les cookies essentiels). En cas de d\u00e9sactivation des cookies, vous ne pourrez peut-\u00eatre pas acc\u00e9der \u00e0 tout ou partie du site web de Feprafo.<\/p><p>Pour en savoir plus, vous pouvez suivre les liens r\u00e9f\u00e9renc\u00e9s ci-dessous\u00a0:<\/p><ul><li><a href=\"https:\/\/windows.microsoft.com\/en-us\/windows-vista\/block-or-allow-cookies\" target=\"_blank\" rel=\"noopener noreferrer\">Microsoft Internet Explorer<\/a><\/li><li><a href=\"https:\/\/support.google.com\/accounts\/answer\/61416?hl=en\" target=\"_blank\" rel=\"noopener noreferrer\">Google Chrome<\/a><\/li><li><a href=\"https:\/\/support.apple.com\/kb\/PH5042\" target=\"_blank\" rel=\"noopener noreferrer\">Safari<\/a><\/li><li><a href=\"https:\/\/support.mozilla.org\/en-US\/kb\/enable-and-disable-cookies-website-preferences\" target=\"_blank\" rel=\"noopener noreferrer\">Firefox<\/a><\/li><\/ul><p><strong>Des questions concernant notre Politique de cookies\u00a0 ?<\/strong><\/p><p>Si vous avez des questions concernant la Politique de Cookies de Feprafo, n\u2019h\u00e9sitez pas \u00e0 nous contacter en nous envoyant un mail \u00e0\u00a0<span id=\"cloak87ca118a64a8a6719b8ecb803bb53cbd\"><a href=\"mailto:info@feprafo.be\">info@feprafo.be<\/a><\/span><\/p>\t\t\t\t\t\t\t\t<\/div>\n\t\t\t\t\t<\/div>\n\t\t\t\t<\/div>\n\t\t\t\t<\/div>\n\t\t","protected":false},"excerpt":{"rendered":"<p>Feprafo\u00a0(\u00ab\u00a0nous\u00a0\u00bb, \u00ab\u00a0nos\u00a0\u00bb ou \u00ab\u00a0notre\u00a0\u00bb) utilise les cookies afin de vous proposer un service web am\u00e9lior\u00e9 et davantage personnalis\u00e9. \u00c0 travers [&hellip;]<\/p>\n","protected":false},"author":1,"featured_media":0,"parent":0,"menu_order":0,"comment_status":"closed","ping_status":"closed","template":"","meta":{"site-sidebar-layout":"no-sidebar","site-content-layout":"","ast-site-content-layout":"full-width-container","site-content-style":"default","site-sidebar-style":"default","ast-global-header-display":"","ast-banner-title-visibility":"","ast-main-header-display":"","ast-hfb-above-header-display":"","ast-hfb-below-header-display":"","ast-hfb-mobile-header-display":"","site-post-title":"","ast-breadcrumbs-content":"","ast-featured-img":"disabled","footer-sml-layout":"","ast-disable-related-posts":"","theme-transparent-header-meta":"default","adv-header-id-meta":"","stick-header-meta":"","header-above-stick-meta":"","header-main-stick-meta":"","header-below-stick-meta":"","astra-migrate-meta-layouts":"set","ast-page-background-enabled":"default","ast-page-background-meta":{"desktop":{"background-color":"var(--ast-global-color-5)","background-image":"","background-repeat":"repeat","background-position":"center center","background-size":"auto","background-attachment":"scroll","background-type":"","background-media":"","overlay-type":"","overlay-color":"","overlay-opacity":"","overlay-gradient":""},"tablet":{"background-color":"","background-image":"","background-repeat":"repeat","background-position":"center center","background-size":"auto","background-attachment":"scroll","background-type":"","background-media":"","overlay-type":"","overlay-color":"","overlay-opacity":"","overlay-gradient":""},"mobile":{"background-color":"","background-image":"","background-repeat":"repeat","background-position":"center center","background-size":"auto","background-attachment":"scroll","background-type":"","background-media":"","overlay-type":"","overlay-color":"","overlay-opacity":"","overlay-gradient":""}},"ast-content-background-meta":{"desktop":{"background-color":"var(--ast-global-color-4)","background-image":"","background-repeat":"repeat","background-position":"center center","background-size":"auto","background-attachment":"scroll","background-type":"","background-media":"","overlay-type":"","overlay-color":"","overlay-opacity":"","overlay-gradient":""},"tablet":{"background-color":"var(--ast-global-color-4)","background-image":"","background-repeat":"repeat","background-position":"center center","background-size":"auto","background-attachment":"scroll","background-type":"","background-media":"","overlay-type":"","overlay-color":"","overlay-opacity":"","overlay-gradient":""},"mobile":{"background-color":"var(--ast-global-color-4)","background-image":"","background-repeat":"repeat","background-position":"center center","background-size":"auto","background-attachment":"scroll","background-type":"","background-media":"","overlay-type":"","overlay-color":"","overlay-opacity":"","overlay-gradient":""}},"footnotes":""},"class_list":["post-2326","page","type-page","status-publish","hentry"],"jetpack_sharing_enabled":true,"_links":{"self":[{"href":"https:\/\/site.feprafo.eu\/index.php\/wp-json\/wp\/v2\/pages\/2326","targetHints":{"allow":["GET"]}}],"collection":[{"href":"https:\/\/site.feprafo.eu\/index.php\/wp-json\/wp\/v2\/pages"}],"about":[{"href":"https:\/\/site.feprafo.eu\/index.php\/wp-json\/wp\/v2\/types\/page"}],"author":[{"embeddable":true,"href":"https:\/\/site.feprafo.eu\/index.php\/wp-json\/wp\/v2\/users\/1"}],"replies":[{"embeddable":true,"href":"https:\/\/site.feprafo.eu\/index.php\/wp-json\/wp\/v2\/comments?post=2326"}],"version-history":[{"count":4,"href":"https:\/\/site.feprafo.eu\/index.php\/wp-json\/wp\/v2\/pages\/2326\/revisions"}],"predecessor-version":[{"id":2331,"href":"https:\/\/site.feprafo.eu\/index.php\/wp-json\/wp\/v2\/pages\/2326\/revisions\/2331"}],"wp:attachment":[{"href":"https:\/\/site.feprafo.eu\/index.php\/wp-json\/wp\/v2\/media?parent=2326"}],"curies":[{"name":"wp","href":"https:\/\/api.w.org\/{rel}","templated":true}]}}